{"id":45,"date":"2017-05-10T15:35:19","date_gmt":"2017-05-10T13:35:19","guid":{"rendered":"http:\/\/www.art-ex.sk\/WordPress\/?page_id=45"},"modified":"2017-10-09T17:50:01","modified_gmt":"2017-10-09T15:50:01","slug":"sluzby-2","status":"publish","type":"page","link":"http:\/\/www.art-ex.sk\/?page_id=45","title":{"rendered":"Slu\u017eby"},"content":{"rendered":"<hr \/>\n<h4 class=\"blue\">Pon\u00fakame:<\/h4>\n<div class=\"gca-column one-half first\"><ul>\n<li>Syst\u00e9mov\u00e1 anal\u00fdza, funk\u010dn\u00e1 \u0161pecifik\u00e1cia, n\u00e1vrh rie\u0161eni, konzulta\u010dn\u00e1 \u010dinnos\u0165<\/li>\n<li>Projek\u010dn\u00e1 \u010dinnos\u0165 v oblasti riadiacich syst\u00e9mov, merania a regul\u00e1cie, elektrorozvodov a bleskozvodov<\/li>\n<li>V\u00fdvoj syst\u00e9mov\u00e9ho a aplika\u010dn\u00e9ho programov\u00e9ho vybavenia<\/li>\n<li>Dod\u00e1vka, integr\u00e1cia a uvedenie riadiaceho syst\u00e9mu do prev\u00e1dzky<\/li>\n<li>Servisn\u00e1 \u010dinnos\u0165 pre riadiacu a automatiza\u010dn\u00fa techniku<\/li>\n<\/ul><\/div>\n<div class=\"gca-column one-half\"><p><img decoding=\"async\" class=\"alignnone wp-image-491\" src=\"http:\/\/www.art-ex.sk\/WordPress\/wp-content\/uploads\/2017\/07\/DSC_0855-300x200.jpg\" alt=\"\" width=\"211\" height=\"140\" srcset=\"http:\/\/www.art-ex.sk\/images\/2017\/07\/DSC_0855-300x200.jpg 300w, http:\/\/www.art-ex.sk\/images\/2017\/07\/DSC_0855-600x400.jpg 600w, http:\/\/www.art-ex.sk\/images\/2017\/07\/DSC_0855-768x512.jpg 768w, http:\/\/www.art-ex.sk\/images\/2017\/07\/DSC_0855-1024x683.jpg 1024w, http:\/\/www.art-ex.sk\/images\/2017\/07\/DSC_0855.jpg 1181w\" sizes=\"(max-width: 211px) 100vw, 211px\" \/>\u00a0 \u00a0 \u00a0 \u00a0 \u00a0 \u00a0 \u00a0 \u00a0 \u00a0 \u00a0<img decoding=\"async\" class=\"alignnone wp-image-505\" src=\"http:\/\/www.art-ex.sk\/WordPress\/wp-content\/uploads\/2017\/07\/Prep\u00edna\u010d-z\u00e1lohovan\u00e9-a-nez\u00e1lohovan\u00e9-nap\u00e1janie-300x225.jpg\" alt=\"\" width=\"187\" height=\"140\" srcset=\"http:\/\/www.art-ex.sk\/images\/2017\/07\/Prep\u00edna\u010d-z\u00e1lohovan\u00e9-a-nez\u00e1lohovan\u00e9-nap\u00e1janie-300x225.jpg 300w, http:\/\/www.art-ex.sk\/images\/2017\/07\/Prep\u00edna\u010d-z\u00e1lohovan\u00e9-a-nez\u00e1lohovan\u00e9-nap\u00e1janie-600x450.jpg 600w, http:\/\/www.art-ex.sk\/images\/2017\/07\/Prep\u00edna\u010d-z\u00e1lohovan\u00e9-a-nez\u00e1lohovan\u00e9-nap\u00e1janie-768x576.jpg 768w, http:\/\/www.art-ex.sk\/images\/2017\/07\/Prep\u00edna\u010d-z\u00e1lohovan\u00e9-a-nez\u00e1lohovan\u00e9-nap\u00e1janie-1024x768.jpg 1024w\" sizes=\"(max-width: 187px) 100vw, 187px\" \/><\/p>\n<p>&nbsp;<\/p><\/div>\n<p>Svojim obchodn\u00fdm partnerom poskytujeme \u00fapln\u00fa podporu v oblasti automatiz\u00e1cie a riadenia. Obchodn\u00fd vz\u0165ah sa za\u010d\u00edna bezplatnou konzult\u00e1ciou u z\u00e1kazn\u00edka o probl\u00e9me, ktor\u00fd by mal by\u0165 rie\u0161en\u00fd. Na\u0161i odborn\u00ed pracovn\u00edci sa osobn\u00fdm stretnut\u00edm pok\u00fasia pochopi\u0165 \u017eelanie z\u00e1kazn\u00edka a pon\u00faknu mu r\u00e1mcov\u00e9 rie\u0161enie. V pr\u00edpade z\u00e1ujmu spracujeme anal\u00fdzu probl\u00e9mu vr\u00e1tane n\u00e1vrhu rie\u0161enia. Nasleduj\u00facim krokom je spracovanie projektovej dokument\u00e1cie v r\u00f4znych stup\u0148och v z\u00e1vislosti od po\u017eiadavky z\u00e1kazn\u00edka a dotknut\u00fdch org\u00e1nov \u0161t\u00e1tnej spr\u00e1vy.<\/p>\n<p style=\"text-align: justify;\">V oblasti realiz\u00e1cie vieme zabezpe\u010di\u0165 dod\u00e1vky a mont\u00e1\u017ee zariadeni priemyselnej automatiz\u00e1cie po\u010dn\u00fac jednotliv\u00fdmi komponentami a\u017e po komplexn\u00fa dod\u00e1vku na k\u013e\u00fa\u010d. Poskytovan\u00e9 dod\u00e1vky pr\u00edstrojov a zariaden\u00ed zahr\u0148uj\u00fa cel\u00fa \u0161k\u00e1lu automatiz\u00e1cie &#8211; od pneumatick\u00fdch, hydraulick\u00fdch komponentov a\u017e po elektrick\u00e9 a elektronick\u00e9 zariadenia.<\/p>\n<p style=\"text-align: justify;\">Poskytujeme \u0161tandardne servisn\u00fa \u010dinnos\u0165 na dod\u00e1vky na\u0161ich zariaden\u00ed, z\u00e1ru\u010dn\u00fd i poz\u00e1ru\u010dn\u00fd servis &#8211; vieme zaisti\u0165 i servis zariaden\u00ed ktor\u00e9 neboli na\u0161ou dod\u00e1vkou.<\/p>\n","protected":false},"excerpt":{"rendered":"<p>Pon\u00fakame: Svojim obchodn\u00fdm partnerom poskytujeme \u00fapln\u00fa podporu v oblasti automatiz\u00e1cie a riadenia. Obchodn\u00fd vz\u0165ah sa za\u010d\u00edna bezplatnou konzult\u00e1ciou u z\u00e1kazn\u00edka o probl\u00e9me, ktor\u00fd by mal by\u0165 rie\u0161en\u00fd. Na\u0161i odborn\u00ed pracovn\u00edci sa osobn\u00fdm stretnut\u00edm pok\u00fasia pochopi\u0165 \u017eelanie z\u00e1kazn\u00edka a pon\u00faknu mu r\u00e1mcov\u00e9 rie\u0161enie. V pr\u00edpade z\u00e1ujmu spracujeme anal\u00fdzu probl\u00e9mu vr\u00e1tane n\u00e1vrhu rie\u0161enia. Nasleduj\u00facim krokom je spracovanie <a class=\"read-more\" href=\"http:\/\/www.art-ex.sk\/?page_id=45\">Read More<\/a><\/p>\n","protected":false},"author":1,"featured_media":0,"parent":0,"menu_order":0,"comment_status":"closed","ping_status":"closed","template":"","meta":{"footnotes":""},"class_list":["post-45","page","type-page","status-publish","hentry"],"_links":{"self":[{"href":"http:\/\/www.art-ex.sk\/index.php?rest_route=\/wp\/v2\/pages\/45","targetHints":{"allow":["GET"]}}],"collection":[{"href":"http:\/\/www.art-ex.sk\/index.php?rest_route=\/wp\/v2\/pages"}],"about":[{"href":"http:\/\/www.art-ex.sk\/index.php?rest_route=\/wp\/v2\/types\/page"}],"author":[{"embeddable":true,"href":"http:\/\/www.art-ex.sk\/index.php?rest_route=\/wp\/v2\/users\/1"}],"replies":[{"embeddable":true,"href":"http:\/\/www.art-ex.sk\/index.php?rest_route=%2Fwp%2Fv2%2Fcomments&post=45"}],"version-history":[{"count":25,"href":"http:\/\/www.art-ex.sk\/index.php?rest_route=\/wp\/v2\/pages\/45\/revisions"}],"predecessor-version":[{"id":650,"href":"http:\/\/www.art-ex.sk\/index.php?rest_route=\/wp\/v2\/pages\/45\/revisions\/650"}],"wp:attachment":[{"href":"http:\/\/www.art-ex.sk\/index.php?rest_route=%2Fwp%2Fv2%2Fmedia&parent=45"}],"curies":[{"name":"wp","href":"https:\/\/api.w.org\/{rel}","templated":true}]}}