{"id":129,"date":"2017-05-12T10:21:34","date_gmt":"2017-05-12T08:21:34","guid":{"rendered":"http:\/\/www.art-ex.sk\/WordPress\/?page_id=129"},"modified":"2024-03-19T09:43:05","modified_gmt":"2024-03-19T07:43:05","slug":"produkty","status":"publish","type":"page","link":"https:\/\/www.art-ex.sk\/?page_id=129","title":{"rendered":"Produkty"},"content":{"rendered":"<hr \/>\n<div class=\"gca-column one-half first\"><ul>\n<li style=\"list-style-type: none;\">\n<ul>\n<li style=\"text-align: justify;\">\u0160t\u00fadia realizovate\u013enosti &#8211; Feasibility study<\/li>\n<\/ul>\n<\/li>\n<\/ul>\n<ul>\n<li style=\"list-style-type: none;\">\n<ul>\n<li style=\"text-align: justify;\">\u0160t\u00fadie HAZOP<\/li>\n<\/ul>\n<\/li>\n<\/ul>\n<ul>\n<li style=\"list-style-type: none;\">\n<ul>\n<li style=\"text-align: justify;\">Spracovanie P&amp;ID diagramov technologick\u00fdch procesov<\/li>\n<\/ul>\n<\/li>\n<\/ul>\n<ul>\n<li style=\"list-style-type: none;\">\n<ul>\n<li style=\"text-align: justify;\">Syst\u00e9mov\u00e1 anal\u00fdza, anal\u00fdza riadenia<\/li>\n<\/ul>\n<\/li>\n<\/ul>\n<ul>\n<li style=\"text-align: justify;\">Projektov\u00e1 dokument\u00e1cia v\u0161etk\u00fdch stup\u0148ov pre \u010dasti\n<ul>\n<li style=\"list-style-type: none;\">\n<ul>\n<li style=\"text-align: justify;\">Technol\u00f3gia<\/li>\n<\/ul>\n<\/li>\n<\/ul>\n<ul>\n<li style=\"list-style-type: none;\">\n<ul>\n<li style=\"text-align: justify;\">Meranie a regul\u00e1cia<\/li>\n<\/ul>\n<\/li>\n<\/ul>\n<ul>\n<li style=\"list-style-type: none;\">\n<ul>\n<li style=\"text-align: justify;\">Riadiaci syst\u00e9m<\/li>\n<\/ul>\n<\/li>\n<\/ul>\n<ul>\n<li style=\"list-style-type: none;\">\n<ul>\n<li style=\"text-align: justify;\">Rozvody silnopr\u00fadu do 1000 V<\/li>\n<\/ul>\n<\/li>\n<\/ul>\n<ul>\n<li style=\"text-align: justify;\">Bleskozvody<\/li>\n<\/ul>\n<ul>\n<li style=\"text-align: justify;\"><a href=\"http:\/\/www.art-ex.sk\/wp-content\/uploads\/2024\/03\/ART-Ex_sro_VOP_2024.pdf\" target=\"_blank\" rel=\"noopener noreferrer\">V\u0161eobecn\u00e9 obchodn\u00e9 podmienky<\/a><\/li>\n<\/ul>\n<\/li>\n<\/ul><\/div>\n<div class=\"gca-column one-half\"><ul>\n<li style=\"list-style-type: none;\">\n<ul>\n<li style=\"text-align: justify;\">Mont\u00e1\u017ee a rekon\u0161trukcie rozv\u00e1dza\u010dov riadiaceho syst\u00e9mu a silnopr\u00fadu<\/li>\n<\/ul>\n<\/li>\n<\/ul>\n<ul>\n<li style=\"list-style-type: none;\">\n<ul>\n<li style=\"text-align: justify;\">Dod\u00e1vka a mont\u00e1\u017e zariaden\u00ed merania a regul\u00e1cie<\/li>\n<\/ul>\n<\/li>\n<\/ul>\n<ul>\n<li style=\"list-style-type: none;\">\n<ul>\n<li style=\"text-align: justify;\">Komplexn\u00e9 rie\u0161enia \u010dast\u00ed NN, MaR a RS na k\u013e\u00fa\u010d<\/li>\n<\/ul>\n<\/li>\n<\/ul>\n<ul>\n<li style=\"text-align: justify;\">Softv\u00e9rov\u00e9 a hardv\u00e9rov\u00e9 rie\u0161enia PLC a DCS od spolo\u010dnost\u00ed\n<ul>\n<li style=\"list-style-type: none;\">\n<ul>\n<li style=\"text-align: justify;\">Rockwell Automation<\/li>\n<\/ul>\n<\/li>\n<\/ul>\n<ul>\n<li style=\"list-style-type: none;\">\n<ul>\n<li style=\"text-align: justify;\">Schneider Electric<\/li>\n<\/ul>\n<\/li>\n<\/ul>\n<ul>\n<li style=\"list-style-type: none;\">\n<ul>\n<li style=\"text-align: justify;\">B&amp;R<\/li>\n<\/ul>\n<\/li>\n<\/ul>\n<ul>\n<li style=\"list-style-type: none;\">\n<ul>\n<li style=\"text-align: justify;\">Siemens<\/li>\n<\/ul>\n<\/li>\n<\/ul>\n<ul>\n<li style=\"list-style-type: none;\">\n<ul>\n<li style=\"text-align: justify;\">Mitsubishi Electric<\/li>\n<\/ul>\n<\/li>\n<\/ul>\n<ul>\n<li style=\"list-style-type: none;\">\n<ul>\n<li style=\"text-align: justify;\">WAGO<\/li>\n<\/ul>\n<\/li>\n<\/ul>\n<ul>\n<li style=\"text-align: justify;\">ABB<\/li>\n<\/ul>\n<\/li>\n<\/ul>\n<ul>\n<li style=\"text-align: justify;\">Softv\u00e9rov\u00e9 rie\u0161enia SCADA\n<ul>\n<li style=\"text-align: justify;\">Plant SCADA predt\u00fdm CitectSCADA<\/li>\n<\/ul>\n<\/li>\n<\/ul><\/div>\n<div class=\"gca-column one-half first\"><hr \/>\n<p><img fetchpriority=\"high\" decoding=\"async\" class=\"wp-image-606 aligncenter\" src=\"http:\/\/www.art-ex.sk\/wp-content\/uploads\/2017\/05\/electrical-300x169.jpg\" alt=\"\" width=\"408\" height=\"230\" srcset=\"https:\/\/www.art-ex.sk\/images\/2017\/05\/electrical-300x169.jpg 300w, https:\/\/www.art-ex.sk\/images\/2017\/05\/electrical-600x338.jpg 600w, https:\/\/www.art-ex.sk\/images\/2017\/05\/electrical-768x432.jpg 768w, https:\/\/www.art-ex.sk\/images\/2017\/05\/electrical-1024x576.jpg 1024w, https:\/\/www.art-ex.sk\/images\/2017\/05\/electrical.jpg 1920w\" sizes=\"(max-width: 408px) 100vw, 408px\" \/><\/p><\/div>\n<div class=\"gca-column one-half\"><hr \/>\n<p><img decoding=\"async\" class=\"wp-image-613 aligncenter\" src=\"http:\/\/www.art-ex.sk\/wp-content\/uploads\/2017\/05\/citect1-300x169.png\" alt=\"\" width=\"409\" height=\"230\" srcset=\"https:\/\/www.art-ex.sk\/images\/2017\/05\/citect1-300x169.png 300w, https:\/\/www.art-ex.sk\/images\/2017\/05\/citect1-600x338.png 600w, https:\/\/www.art-ex.sk\/images\/2017\/05\/citect1.png 712w\" sizes=\"(max-width: 409px) 100vw, 409px\" \/><\/p><\/div>\n","protected":false},"excerpt":{"rendered":"","protected":false},"author":1,"featured_media":0,"parent":0,"menu_order":0,"comment_status":"closed","ping_status":"closed","template":"","meta":{"footnotes":""},"class_list":["post-129","page","type-page","status-publish","hentry"],"_links":{"self":[{"href":"https:\/\/www.art-ex.sk\/index.php?rest_route=\/wp\/v2\/pages\/129","targetHints":{"allow":["GET"]}}],"collection":[{"href":"https:\/\/www.art-ex.sk\/index.php?rest_route=\/wp\/v2\/pages"}],"about":[{"href":"https:\/\/www.art-ex.sk\/index.php?rest_route=\/wp\/v2\/types\/page"}],"author":[{"embeddable":true,"href":"https:\/\/www.art-ex.sk\/index.php?rest_route=\/wp\/v2\/users\/1"}],"replies":[{"embeddable":true,"href":"https:\/\/www.art-ex.sk\/index.php?rest_route=%2Fwp%2Fv2%2Fcomments&post=129"}],"version-history":[{"count":32,"href":"https:\/\/www.art-ex.sk\/index.php?rest_route=\/wp\/v2\/pages\/129\/revisions"}],"predecessor-version":[{"id":1004,"href":"https:\/\/www.art-ex.sk\/index.php?rest_route=\/wp\/v2\/pages\/129\/revisions\/1004"}],"wp:attachment":[{"href":"https:\/\/www.art-ex.sk\/index.php?rest_route=%2Fwp%2Fv2%2Fmedia&parent=129"}],"curies":[{"name":"wp","href":"https:\/\/api.w.org\/{rel}","templated":true}]}}