{"id":131,"date":"2017-05-12T10:24:44","date_gmt":"2017-05-12T08:24:44","guid":{"rendered":"http:\/\/www.art-ex.sk\/WordPress\/?page_id=131"},"modified":"2021-10-11T15:14:35","modified_gmt":"2021-10-11T13:14:35","slug":"sor-controls-group-ltd","status":"publish","type":"page","link":"https:\/\/www.art-ex.sk\/?page_id=131","title":{"rendered":"SOR CONTROLS GROUP, LTD"},"content":{"rendered":"<div class=\"gca-column one-half first\"><p style=\"text-align: justify;\"><strong>Spolo\u010dnos\u0165 ART-Ex s.r.o. je od roku 2016 z\u00e1stupcom americkej spolo\u010dnosti SOR Controls Group, LTD pre \u010cesk\u00fa a Slovensk\u00fa republiku.<\/strong><br \/>\nSOR Controls Group, LTD (SCG) je glob\u00e1lnym l\u00eddrom v oblasti navrhovania a v\u00fdroby merac\u00edch a regula\u010dn\u00fdch zariaden\u00ed pod zna\u010dkami SOR Inc., Smart Sensors Incorporated (SSI) a Setex Products. SOR Controls Group pon\u00faka ide\u00e1lne rie\u0161enia pre v\u0161etky odvetvia spracovate\u013esk\u00e9ho priemyslu v oblasti segmentu ropy a zemn\u00e9ho plynu, petroch\u00e9mie, ch\u00e9mie a energetiky. SCG podporuje sie\u0165 predajn\u00fdch a servisn\u00fdch pracovn\u00edkov schopn\u00fdch rie\u0161i\u0165 po\u017eiadavky z\u00e1kazn\u00edkov v akomko\u013evek geografickom trhu po celom svete.<\/p>\n<p><a href=\"http:\/\/www.art-ex.sk\/?page_id=736\">Zobrazi\u0165 katal\u00f3g SOR SK<\/a><br \/>\n<a href=\"http:\/\/www.art-ex.sk\/wp-content\/uploads\/2021\/10\/Product-Guide_BRO901_SK.pdf\" target=\"_blank\" rel=\"noopener noreferrer\">Stiahnu\u0165 katal\u00f3g SOR SK<\/a><br \/>\n<a href=\"http:\/\/www.art-ex.sk\/?page_id=750\">Zobrazi\u0165 katal\u00f3g SOR ENG<\/a><br \/>\n<a href=\"http:\/\/www.art-ex.sk\/wp-content\/uploads\/2021\/10\/Product-Guide_BRO901_small.pdf\" target=\"_blank\" rel=\"noopener noreferrer\">Stiahnu\u0165 katal\u00f3g SOR ENG<\/a><\/p>\n<ul>\n<li>Tlak\n<ul>\n<li>Sp\u00edna\u010de<\/li>\n<li>Diferen\u010dn\u00e9 sp\u00edna\u010de<\/li>\n<li>Prevodn\u00edky<\/li>\n<\/ul>\n<\/li>\n<li>Prietok\n<ul>\n<li>Sp\u00edna\u010de<\/li>\n<li>Prevodn\u00edky<\/li>\n<\/ul>\n<\/li>\n<li>Hladina\n<ul>\n<li>Sp\u00edna\u010de<\/li>\n<li>Prevodn\u00edky a Indik\u00e1tory<\/li>\n<\/ul>\n<\/li>\n<li>Ventily a regul\u00e1tory\n<ul>\n<li>Regula\u010dn\u00e9 ventily<\/li>\n<li>Regul\u00e1tory hladiny<\/li>\n<\/ul>\n<\/li>\n<\/ul><\/div>\n<div class=\"gca-column one-half\"><img decoding=\"async\" class=\"size-medium wp-image-24 aligncenter\" src=\"http:\/\/www.art-ex.sk\/WordPress\/wp-content\/uploads\/2017\/05\/SCG-Logo-300x157.jpg\" alt=\"\" width=\"300\" height=\"157\" srcset=\"https:\/\/www.art-ex.sk\/images\/2017\/05\/SCG-Logo-300x157.jpg 300w, https:\/\/www.art-ex.sk\/images\/2017\/05\/SCG-Logo-600x314.jpg 600w, https:\/\/www.art-ex.sk\/images\/2017\/05\/SCG-Logo-768x402.jpg 768w, https:\/\/www.art-ex.sk\/images\/2017\/05\/SCG-Logo.jpg 954w\" sizes=\"(max-width: 300px) 100vw, 300px\" \/><\/div>\n<hr \/>\n<p style=\"text-align: justify;\"><strong><div class=\"gca-column one-half first\"><\/strong><\/p>\n<p style=\"text-align: justify;\"><strong>SENSOR ENGINEERED SOLUTIONS<\/strong><\/p>\n<ul>\n<li style=\"text-align: justify;\"><span style=\"font-size: 15px;\">Teplota<\/span>\n<ul>\n<li>Sp\u00edna\u010de<\/li>\n<li>Senzory<\/li>\n<\/ul>\n<\/li>\n<\/ul>\n<p style=\"text-align: justify;\">\u00a0<\/div>\n<p>\u00a0<strong><div class=\"gca-column one-half\"><\/strong><\/p>\n<p style=\"text-align: justify;\"><img decoding=\"async\" class=\"size-medium wp-image-132 aligncenter\" src=\"http:\/\/www.art-ex.sk\/WordPress\/wp-content\/uploads\/2017\/05\/SENSOR-logo-300x87.jpg\" alt=\"\" width=\"300\" height=\"87\" srcset=\"https:\/\/www.art-ex.sk\/images\/2017\/05\/SENSOR-logo-300x87.jpg 300w, https:\/\/www.art-ex.sk\/images\/2017\/05\/SENSOR-logo-600x174.jpg 600w, https:\/\/www.art-ex.sk\/images\/2017\/05\/SENSOR-logo-768x222.jpg 768w, https:\/\/www.art-ex.sk\/images\/2017\/05\/SENSOR-logo-1024x296.jpg 1024w, https:\/\/www.art-ex.sk\/images\/2017\/05\/SENSOR-logo.jpg 1727w\" sizes=\"(max-width: 300px) 100vw, 300px\" \/><\/p>\n<p style=\"text-align: justify;\"><strong><\/div><\/strong><\/p>\n<p style=\"text-align: justify;\"><strong><div class=\"gca-column one-half first\"><\/strong><\/p>\n<p style=\"text-align: justify;\"><strong>SETEX Products<\/strong><\/p>\n<ul style=\"font-size: 15px;\">\n<li>Odbern\u00e9 syst\u00e9my vzoriek<\/li>\n<li>Monitorovanie sond<\/li>\n<\/ul>\n<p style=\"text-align: justify;\"><strong><\/div>\n<div class=\"gca-column one-half\"><img decoding=\"async\" class=\"size-medium wp-image-133 aligncenter\" src=\"http:\/\/www.art-ex.sk\/WordPress\/wp-content\/uploads\/2017\/05\/SETEX-Logo-300x109.jpg\" alt=\"\" width=\"300\" height=\"109\" srcset=\"https:\/\/www.art-ex.sk\/images\/2017\/05\/SETEX-Logo-300x109.jpg 300w, https:\/\/www.art-ex.sk\/images\/2017\/05\/SETEX-Logo-600x218.jpg 600w, https:\/\/www.art-ex.sk\/images\/2017\/05\/SETEX-Logo-768x279.jpg 768w, https:\/\/www.art-ex.sk\/images\/2017\/05\/SETEX-Logo-1024x372.jpg 1024w\" sizes=\"(max-width: 300px) 100vw, 300px\" \/><\/strong><\/p>\n<p style=\"text-align: justify;\"><strong><\/div><\/strong><\/p>\n","protected":false},"excerpt":{"rendered":"<p>\u00a0<\/p>\n","protected":false},"author":1,"featured_media":0,"parent":0,"menu_order":0,"comment_status":"closed","ping_status":"closed","template":"","meta":{"footnotes":""},"class_list":["post-131","page","type-page","status-publish","hentry"],"_links":{"self":[{"href":"https:\/\/www.art-ex.sk\/index.php?rest_route=\/wp\/v2\/pages\/131","targetHints":{"allow":["GET"]}}],"collection":[{"href":"https:\/\/www.art-ex.sk\/index.php?rest_route=\/wp\/v2\/pages"}],"about":[{"href":"https:\/\/www.art-ex.sk\/index.php?rest_route=\/wp\/v2\/types\/page"}],"author":[{"embeddable":true,"href":"https:\/\/www.art-ex.sk\/index.php?rest_route=\/wp\/v2\/users\/1"}],"replies":[{"embeddable":true,"href":"https:\/\/www.art-ex.sk\/index.php?rest_route=%2Fwp%2Fv2%2Fcomments&post=131"}],"version-history":[{"count":40,"href":"https:\/\/www.art-ex.sk\/index.php?rest_route=\/wp\/v2\/pages\/131\/revisions"}],"predecessor-version":[{"id":769,"href":"https:\/\/www.art-ex.sk\/index.php?rest_route=\/wp\/v2\/pages\/131\/revisions\/769"}],"wp:attachment":[{"href":"https:\/\/www.art-ex.sk\/index.php?rest_route=%2Fwp%2Fv2%2Fmedia&parent=131"}],"curies":[{"name":"wp","href":"https:\/\/api.w.org\/{rel}","templated":true}]}}