{"id":18,"date":"2017-05-10T15:06:13","date_gmt":"2017-05-10T13:06:13","guid":{"rendered":"http:\/\/www.art-ex.sk\/WordPress\/?page_id=18"},"modified":"2025-06-17T10:32:06","modified_gmt":"2025-06-17T08:32:06","slug":"domov","status":"publish","type":"page","link":"https:\/\/www.art-ex.sk\/","title":{"rendered":"Domov"},"content":{"rendered":"<hr>\n<div class=\"gca-column one-third first\"><h4 class=\"blue\">Kto sme<\/h4><\/div>\n<div class=\"gca-column one-third\"><h4 class=\"blue-green\" style=\"padding-left: 30px;\">Oblasti p\u00f4sobenia<\/h4><\/div>\n<div class=\"gca-column one-third\"><h4 class=\"green\" style=\"padding-left: 30px;\">Slu\u017eby<\/h4><\/div>\n<div class=\"gca-column one-third first\"><p style=\"text-align: justify;\">Sme slovensk\u00e1 s\u00fakromn\u00e1 spolo\u010dnos\u0165 ktor\u00e1 poskytuje \u0161irok\u00e9 spektrum slu\u017eieb a dod\u00e1vok v oblasti priemyselnej automatiz\u00e1cie.<\/p>\n<p><img fetchpriority=\"high\" decoding=\"async\" class=\" wp-image-589 aligncenter\" src=\"http:\/\/www.art-ex.sk\/wp-content\/uploads\/2017\/05\/robot-300x166.jpg\" alt=\"\" width=\"334\" height=\"185\" srcset=\"https:\/\/www.art-ex.sk\/images\/2017\/05\/robot-300x166.jpg 300w, https:\/\/www.art-ex.sk\/images\/2017\/05\/robot-600x332.jpg 600w, https:\/\/www.art-ex.sk\/images\/2017\/05\/robot-768x425.jpg 768w, https:\/\/www.art-ex.sk\/images\/2017\/05\/robot-450x250.jpg 450w, https:\/\/www.art-ex.sk\/images\/2017\/05\/robot.jpg 868w\" sizes=\"(max-width: 334px) 100vw, 334px\" \/><\/p><\/div>\n<div class=\"gca-column one-third\"><ul>\n<li style=\"list-style-type: none;\">\n<ul>\n<li style=\"text-align: justify;\">regula\u010dn\u00e9 syst\u00e9my pre plyn\u00e1renstvo a petroch\u00e9miu<\/li>\n<\/ul>\n<\/li>\n<\/ul>\n<ul>\n<li style=\"list-style-type: none;\">\n<ul>\n<li style=\"text-align: justify;\">meracia a regula\u010dn\u00e1 technika<\/li>\n<\/ul>\n<\/li>\n<\/ul>\n<ul>\n<li style=\"list-style-type: none;\">\n<ul>\n<li style=\"text-align: justify;\">riadenie technologick\u00fdch procesov<\/li>\n<\/ul>\n<\/li>\n<\/ul>\n<ul>\n<li style=\"list-style-type: none;\">\n<ul>\n<li style=\"text-align: justify;\">riadenie skladovania m\u00e9di\u00ed<\/li>\n<\/ul>\n<\/li>\n<\/ul>\n<ul>\n<li style=\"list-style-type: none;\">\n<ul>\n<li style=\"text-align: justify;\">detekcia \u00faniku v\u00fdbu\u0161n\u00fdch plynov a p\u00e1r<\/li>\n<\/ul>\n<\/li>\n<\/ul>\n<ul>\n<li style=\"list-style-type: none;\">\n<ul>\n<li style=\"text-align: justify;\">zabezpe\u010denie objektov<\/li>\n<\/ul>\n<\/li>\n<\/ul>\n<ul>\n<li style=\"text-align: justify;\"><strong>Zast\u00fapenie firmy SOR Inc. pre \u010cesk\u00fa a Slovensk\u00fa republiku<\/strong><\/li>\n<\/ul>\n<ul>\n<li><strong>Autorizovan\u00fd predajca firmy DEHN na Slovensku<\/strong><\/li>\n<\/ul><\/div>\n<div class=\"gca-column one-third\"><ul>\n<li style=\"list-style-type: none;\">\n<ul>\n<li style=\"text-align: justify;\">Syst\u00e9mov\u00e1 anal\u00fdza, funk\u010dn\u00e1 \u0161pecifik\u00e1cia, n\u00e1vrh rie\u0161eni, konzulta\u010dn\u00e1 \u010dinnos\u0165<\/li>\n<\/ul>\n<\/li>\n<\/ul>\n<ul>\n<li style=\"list-style-type: none;\">\n<ul>\n<li style=\"text-align: justify;\">Projek\u010dn\u00e1 \u010dinnos\u0165 v oblasti riadiacich syst\u00e9mov, merania a regul\u00e1cie, elektrorozvodov a bleskozvodov<\/li>\n<\/ul>\n<\/li>\n<\/ul>\n<ul>\n<li style=\"list-style-type: none;\">\n<ul>\n<li style=\"text-align: justify;\">V\u00fdvoj syst\u00e9mov\u00e9ho a aplika\u010dn\u00e9ho programov\u00e9ho vybavenia<\/li>\n<\/ul>\n<\/li>\n<\/ul>\n<ul>\n<li style=\"list-style-type: none;\">\n<ul>\n<li style=\"text-align: justify;\">Dod\u00e1vka, integr\u00e1cia a uvedenie riadiaceho syst\u00e9mu do prev\u00e1dzky<\/li>\n<\/ul>\n<\/li>\n<\/ul>\n<ul>\n<li style=\"text-align: justify;\">Servisn\u00e1 \u010dinnos\u0165 pre riadiacu a automatiza\u010dn\u00fa techniku<\/li>\n<\/ul><\/div>\n<hr>\n<div class=\"gca-column one-third first\"><hr>\n<p><a href=\"http:\/\/www.art-ex.sk\/?attachment_id=761\" rel=\"attachment wp-att-761\"><img decoding=\"async\" class=\"aligncenter wp-image-761\" src=\"http:\/\/www.art-ex.sk\/wp-content\/uploads\/2022\/02\/1-1-1.jpg\" alt=\"\" width=\"283\" height=\"115\" srcset=\"https:\/\/www.art-ex.sk\/images\/2022\/02\/1-1-1.jpg 417w, https:\/\/www.art-ex.sk\/images\/2022\/02\/1-1-1-300x122.jpg 300w\" sizes=\"(max-width: 283px) 100vw, 283px\" \/><\/a><\/p><\/div>\n<div class=\"gca-column one-third\"><hr>\n<p><img decoding=\"async\" class=\"aligncenter wp-image-24\" src=\"http:\/\/www.art-ex.sk\/wp-content\/uploads\/2017\/05\/SCG-Logo-300x157.jpg\" alt=\"\" width=\"205\" height=\"107\" srcset=\"https:\/\/www.art-ex.sk\/images\/2017\/05\/SCG-Logo-300x157.jpg 300w, https:\/\/www.art-ex.sk\/images\/2017\/05\/SCG-Logo-600x314.jpg 600w, https:\/\/www.art-ex.sk\/images\/2017\/05\/SCG-Logo-768x402.jpg 768w, https:\/\/www.art-ex.sk\/images\/2017\/05\/SCG-Logo.jpg 954w\" sizes=\"(max-width: 205px) 100vw, 205px\" \/><\/p><\/div>\n<div class=\"gca-column one-third\"><hr>\n<p><a href=\"http:\/\/www.art-ex.sk\/?attachment_id=762\" rel=\"attachment wp-att-762\"><img loading=\"lazy\" decoding=\"async\" class=\"aligncenter size-full wp-image-762\" src=\"http:\/\/www.art-ex.sk\/wp-content\/uploads\/2022\/02\/image001.png\" alt=\"\" width=\"155\" height=\"39\" srcset=\"https:\/\/www.art-ex.sk\/images\/2022\/02\/image001.png 155w, https:\/\/www.art-ex.sk\/images\/2022\/02\/image001-150x39.png 150w\" sizes=\"(max-width: 155px) 100vw, 155px\" \/><\/a><\/p><\/div>\n<div class=\"gca-column one-third\"><hr>\n<p><img loading=\"lazy\" decoding=\"async\" class=\"aligncenter wp-image-171 \" src=\"http:\/\/www.art-ex.sk\/wp-content\/uploads\/2017\/05\/rockwell-300x90.jpg\" alt=\"\" width=\"267\" height=\"80\" srcset=\"https:\/\/www.art-ex.sk\/images\/2017\/05\/rockwell-300x90.jpg 300w, https:\/\/www.art-ex.sk\/images\/2017\/05\/rockwell.jpg 500w\" sizes=\"(max-width: 267px) 100vw, 267px\" \/><\/p><\/div>\n","protected":false},"excerpt":{"rendered":"","protected":false},"author":1,"featured_media":0,"parent":0,"menu_order":0,"comment_status":"closed","ping_status":"closed","template":"","meta":{"footnotes":""},"class_list":["post-18","page","type-page","status-publish","hentry"],"_links":{"self":[{"href":"https:\/\/www.art-ex.sk\/index.php?rest_route=\/wp\/v2\/pages\/18","targetHints":{"allow":["GET"]}}],"collection":[{"href":"https:\/\/www.art-ex.sk\/index.php?rest_route=\/wp\/v2\/pages"}],"about":[{"href":"https:\/\/www.art-ex.sk\/index.php?rest_route=\/wp\/v2\/types\/page"}],"author":[{"embeddable":true,"href":"https:\/\/www.art-ex.sk\/index.php?rest_route=\/wp\/v2\/users\/1"}],"replies":[{"embeddable":true,"href":"https:\/\/www.art-ex.sk\/index.php?rest_route=%2Fwp%2Fv2%2Fcomments&post=18"}],"version-history":[{"count":96,"href":"https:\/\/www.art-ex.sk\/index.php?rest_route=\/wp\/v2\/pages\/18\/revisions"}],"predecessor-version":[{"id":1046,"href":"https:\/\/www.art-ex.sk\/index.php?rest_route=\/wp\/v2\/pages\/18\/revisions\/1046"}],"wp:attachment":[{"href":"https:\/\/www.art-ex.sk\/index.php?rest_route=%2Fwp%2Fv2%2Fmedia&parent=18"}],"curies":[{"name":"wp","href":"https:\/\/api.w.org\/{rel}","templated":true}]}}