{"id":545,"date":"2017-07-18T10:45:48","date_gmt":"2017-07-18T08:45:48","guid":{"rendered":"http:\/\/www.art-ex.sk\/WordPress\/?page_id=545"},"modified":"2017-07-18T12:02:10","modified_gmt":"2017-07-18T10:02:10","slug":"fot_rozvadzac","status":"publish","type":"page","link":"https:\/\/www.art-ex.sk\/?page_id=545","title":{"rendered":"Rozv\u00e1dza\u010de NN a UPS"},"content":{"rendered":"<div id=\"grid-gallery-7-4176\" data-gg-id=\"7\" data-title=\"Fot_rozvadzac\" data-grid-type=\"0\" data-offset=\"0\" data-area-position=\"center\" data-icons=\"\" data-preloader=\"true\" data-width=\"215\" data-height=\"215\" data-padding=\"0\" data-quicksand=\"disabled\" data-quicksand-duration=\"none\" data-popup-theme=\"theme_6\" data-popup-type=\"pretty-photo\" data-popup-image-text=\"data-caption\" data-popup-widthsize=\"auto\" data-popup-heightsize=\"auto\" data-popup-i18n-words=\"{&quot;close&quot;:&quot;close&quot;,&quot;next&quot;:&quot;next&quot;,&quot;previous&quot;:&quot;previous&quot;,&quot;start_slideshow&quot;:&quot;start slideshow&quot;,&quot;stop_slideshow&quot;:&quot;stop slideshow&quot;,&quot;image&quot;:&quot;image&quot;,&quot;of&quot;:&quot;of&quot;,&quot;prev&quot;:&quot;prev&quot;,&quot;cExpand&quot;:&quot;Expand&quot;,&quot;cPrevious&quot;:&quot;Previous&quot;,&quot;cNext&quot;:&quot;Next&quot;,&quot;cExpandStr&quot;:&quot;Expand the image&quot;,&quot;cRotate&quot;:&quot;Rotate&quot;,&quot;cDetails&quot;:&quot;Details&quot;}\" data-popup-slideshow=\"false\" data-popup-slideshow-speed=\"2500\" data-popup-hoverstop=\"false\" data-popup-slideshow-auto=\"false\" data-popup-background=\"\" data-popup-transparency=\"30\" data-popup-disable-history=\"\" data-popup-disable-changed-url=\"\" data-popup-border-type=\"\" data-popup-border-color=\"\" data-popup-border-width=\"\" data-popup-border-enable=\"\" data-fullscreen=\"false\" data-hide-tooltip=\"false\" data-caption-font-family=\"Default\" data-caption-text-size=\"140\" data-is-mobile=\"0\" data-caption-mobile=\"false\" data-hide-long-tltp-title=\"0\" data-caption-disabled-on-mobile=\"false\" data-popup-placement-type=\"0\" data-social-sharing=\"{&quot;enabled&quot;:&quot;&quot;,&quot;gallerySharing&quot;:{&quot;enabled&quot;:null,&quot;position&quot;:null},&quot;imageSharing&quot;:{&quot;enabled&quot;:null,&quot;wrapperClass&quot;:&quot; vertical &quot;},&quot;popupSharing&quot;:{&quot;enabled&quot;:null,&quot;wrapperClass&quot;:&quot; vertical &quot;}}\" class=\"grid-gallery grid-gallery-fixed \" style=\" width:100%; height:auto; margin-left:auto; margin-right:auto;position:relative;\"> <div class=\"gallery-loading\"> <div class=\"blocks\"> <div class=\"block\"><\/div> <div class=\"block\"><\/div> <div class=\"block\"><\/div> <div class=\"block\"><\/div> <\/div> <\/div> <div class=\"gallery-sharing-top\" style=\"display:none;\"> <\/div> <div id=\"photos-7\" class=\"grid-gallery-photos\"><FIGURE class=\"grid-gallery-caption\" data-grid-gallery-type=\"revolving-door-left\" data-index=\"0\" style=\"display:none;border-radius:00;; margin:0px; width:2150;\" ><div class=\"crop\" style=\" width:2150; height:2150; overflow:hidden;\"><img decoding=\"async\" src=\"http:\/\/www.art-ex.sk\/wp-content\/uploads\/2017\/07\/Silov\u00fd-rozv\u00e1dza\u010d-nap\u00e1janie-z-UPS-215x215.jpg\" class=\"ggImg\" alt=\"Silov\u00fd rozv\u00e1dza\u010d, nap\u00e1janie z UPS\" title=\"Silov\u00fd rozv\u00e1dza\u010d, nap\u00e1janie z UPS\" data-description=\"Silov\u00fd rozv\u00e1dza\u010d, nap\u00e1janie z UPS\" data-caption=\"Silov\u00fd rozv\u00e1dza\u010d, nap\u00e1janie z UPS\" data-title=\"Silov\u00fd rozv\u00e1dza\u010d, nap\u00e1janie z UPS\" style=\" width:215px; height:215px;\" \/><\/div><FIGCAPTION class=\"\" data-alpha=\"5\" style=\"color:#ffffff; background-color:#0a076d; font-size:140; text-align:left; font-family:Default;\" ><div class=\"grid-gallery-figcaption-wrap\" style=\"\"><\/div><\/FIGCAPTION><\/FIGURE><FIGURE class=\"grid-gallery-caption\" data-grid-gallery-type=\"revolving-door-left\" data-index=\"1\" style=\"display:none;border-radius:00;; margin:0px; width:2150;\" ><div class=\"crop\" style=\" width:2150; height:2150; overflow:hidden;\"><img decoding=\"async\" src=\"http:\/\/www.art-ex.sk\/wp-content\/uploads\/2017\/07\/Silov\u00fd-rozv\u00e1dza\u010d-nap\u00e1janie-z-UPS-2-215x215.jpg\" class=\"ggImg\" alt=\"Silov\u00fd rozv\u00e1dza\u010d, nap\u00e1janie z UPS 2\" title=\"Silov\u00fd rozv\u00e1dza\u010d, nap\u00e1janie z UPS 2\" data-description=\"Silov\u00fd rozv\u00e1dza\u010d, nap\u00e1janie z UPS 2\" data-caption=\"Silov\u00fd rozv\u00e1dza\u010d, nap\u00e1janie z UPS 2\" data-title=\"Silov\u00fd rozv\u00e1dza\u010d, nap\u00e1janie z UPS 2\" style=\" width:215px; height:215px;\" \/><\/div><FIGCAPTION class=\"\" data-alpha=\"5\" style=\"color:#ffffff; background-color:#0a076d; font-size:140; text-align:left; font-family:Default;\" ><div class=\"grid-gallery-figcaption-wrap\" style=\"\"><\/div><\/FIGCAPTION><\/FIGURE><FIGURE class=\"grid-gallery-caption\" data-grid-gallery-type=\"revolving-door-left\" data-index=\"2\" style=\"display:none;border-radius:00;; margin:0px; width:2150;\" ><div class=\"crop\" style=\" width:2150; height:2150; overflow:hidden;\"><img decoding=\"async\" src=\"http:\/\/www.art-ex.sk\/wp-content\/uploads\/2017\/07\/Prep\u00edna\u010d-z\u00e1lohovan\u00e9-a-nez\u00e1lohovan\u00e9-nap\u00e1janie-215x215.jpg\" class=\"ggImg\" alt=\"Prep\u00edna\u010d z\u00e1lohovan\u00e9 a nez\u00e1lohovan\u00e9 nap\u00e1janie\" title=\"Prep\u00edna\u010d z\u00e1lohovan\u00e9 a nez\u00e1lohovan\u00e9 nap\u00e1janie\" data-description=\"Prep\u00edna\u010d z\u00e1lohovan\u00e9 a nez\u00e1lohovan\u00e9 nap\u00e1janie\" data-caption=\"Prep\u00edna\u010d z\u00e1lohovan\u00e9 a nez\u00e1lohovan\u00e9 nap\u00e1janie\" data-title=\"Prep\u00edna\u010d z\u00e1lohovan\u00e9 a nez\u00e1lohovan\u00e9 nap\u00e1janie\" style=\" width:215px; height:215px;\" \/><\/div><FIGCAPTION class=\"\" data-alpha=\"5\" style=\"color:#ffffff; background-color:#0a076d; font-size:140; text-align:left; font-family:Default;\" ><div class=\"grid-gallery-figcaption-wrap\" style=\"\"><\/div><\/FIGCAPTION><\/FIGURE><FIGURE class=\"grid-gallery-caption\" data-grid-gallery-type=\"revolving-door-left\" data-index=\"3\" style=\"display:none;border-radius:00;; margin:0px; width:2150;\" ><div class=\"crop\" style=\" width:2150; height:2150; overflow:hidden;\"><img decoding=\"async\" src=\"http:\/\/www.art-ex.sk\/wp-content\/uploads\/2017\/07\/Prep\u00e4\u0165ov\u00e9-ochrany-na-v\u00fdstupe-do-silov\u00e9ho-rozv\u00e1dza\u010da-215x215.jpg\" class=\"ggImg\" alt=\"Prep\u00e4\u0165ov\u00e9 ochrany na v\u00fdstupe do silov\u00e9ho rozv\u00e1dza\u010da\" title=\"Prep\u00e4\u0165ov\u00e9 ochrany na v\u00fdstupe do silov\u00e9ho rozv\u00e1dza\u010da\" data-description=\"Prep\u00e4\u0165ov\u00e9 ochrany na v\u00fdstupe do silov\u00e9ho rozv\u00e1dza\u010da\" data-caption=\"Prep\u00e4\u0165ov\u00e9 ochrany na v\u00fdstupe do silov\u00e9ho rozv\u00e1dza\u010da\" data-title=\"Prep\u00e4\u0165ov\u00e9 ochrany na v\u00fdstupe do silov\u00e9ho rozv\u00e1dza\u010da\" style=\" width:215px; height:215px;\" \/><\/div><FIGCAPTION class=\"\" data-alpha=\"5\" style=\"color:#ffffff; background-color:#0a076d; font-size:140; text-align:left; font-family:Default;\" ><div class=\"grid-gallery-figcaption-wrap\" style=\"\"><\/div><\/FIGCAPTION><\/FIGURE><FIGURE class=\"grid-gallery-caption\" data-grid-gallery-type=\"revolving-door-left\" data-index=\"4\" style=\"display:none;border-radius:00;; margin:0px; width:2150;\" ><div class=\"crop\" style=\" width:2150; height:2150; overflow:hidden;\"><img decoding=\"async\" src=\"http:\/\/www.art-ex.sk\/wp-content\/uploads\/2017\/07\/Prep\u00e4\u0165ov\u00e1-ochrana-na-vstupe-do-silov\u00e9ho-rozv\u00e1dza\u010da-215x215.jpg\" class=\"ggImg\" alt=\"Prep\u00e4\u0165ov\u00e1 ochrana na vstupe do silov\u00e9ho rozv\u00e1dza\u010da\" title=\"Prep\u00e4\u0165ov\u00e1 ochrana na vstupe do silov\u00e9ho rozv\u00e1dza\u010da\" data-description=\"Prep\u00e4\u0165ov\u00e1 ochrana na vstupe do silov\u00e9ho rozv\u00e1dza\u010da\" data-caption=\"Prep\u00e4\u0165ov\u00e1 ochrana na vstupe do silov\u00e9ho rozv\u00e1dza\u010da\" data-title=\"Prep\u00e4\u0165ov\u00e1 ochrana na vstupe do silov\u00e9ho rozv\u00e1dza\u010da\" style=\" width:215px; height:215px;\" \/><\/div><FIGCAPTION class=\"\" data-alpha=\"5\" style=\"color:#ffffff; background-color:#0a076d; font-size:140; text-align:left; font-family:Default;\" ><div class=\"grid-gallery-figcaption-wrap\" style=\"\"><\/div><\/FIGCAPTION><\/FIGURE> <div class=\"grid-gallery-clearfix\"><\/div> <\/div> <div class=\"gallery-sharing-bottom\" style=\"display:none;\"> <\/div> <div class=\"gallery-sharing-image\" style=\"display:none;\"> <\/div> <div class=\"gallery-sharing-popup\" style=\"display:none;\"> <\/div> <div class=\"grid-gallery-clearfix\"><\/div> <\/div> <!-- Gallery by Supsystic plugin1.15.31 --><a title=\"Gallery Wordpress\" style=\"display:none;\" href=\"https:\/\/supsystic.com\/plugins\/photo-gallery\/?utm_medium=love_link\" target=\"_blank\">Gallery Wordpress<\/a>\n","protected":false},"excerpt":{"rendered":"","protected":false},"author":1,"featured_media":0,"parent":0,"menu_order":0,"comment_status":"closed","ping_status":"closed","template":"","meta":{"footnotes":""},"class_list":["post-545","page","type-page","status-publish","hentry"],"_links":{"self":[{"href":"https:\/\/www.art-ex.sk\/index.php?rest_route=\/wp\/v2\/pages\/545","targetHints":{"allow":["GET"]}}],"collection":[{"href":"https:\/\/www.art-ex.sk\/index.php?rest_route=\/wp\/v2\/pages"}],"about":[{"href":"https:\/\/www.art-ex.sk\/index.php?rest_route=\/wp\/v2\/types\/page"}],"author":[{"embeddable":true,"href":"https:\/\/www.art-ex.sk\/index.php?rest_route=\/wp\/v2\/users\/1"}],"replies":[{"embeddable":true,"href":"https:\/\/www.art-ex.sk\/index.php?rest_route=%2Fwp%2Fv2%2Fcomments&post=545"}],"version-history":[{"count":3,"href":"https:\/\/www.art-ex.sk\/index.php?rest_route=\/wp\/v2\/pages\/545\/revisions"}],"predecessor-version":[{"id":554,"href":"https:\/\/www.art-ex.sk\/index.php?rest_route=\/wp\/v2\/pages\/545\/revisions\/554"}],"wp:attachment":[{"href":"https:\/\/www.art-ex.sk\/index.php?rest_route=%2Fwp%2Fv2%2Fmedia&parent=545"}],"curies":[{"name":"wp","href":"https:\/\/api.w.org\/{rel}","templated":true}]}}