{"id":55,"date":"2017-05-10T15:41:09","date_gmt":"2017-05-10T13:41:09","guid":{"rendered":"http:\/\/www.art-ex.sk\/WordPress\/?page_id=55"},"modified":"2017-05-15T12:32:00","modified_gmt":"2017-05-15T10:32:00","slug":"historia","status":"publish","type":"page","link":"https:\/\/www.art-ex.sk\/?page_id=55","title":{"rendered":"Hist\u00f3ria"},"content":{"rendered":"<hr \/>\n<p style=\"text-align: justify\">\nSpolo\u010dnos\u0165 <strong><span class=\"blue\">ART-EX s.r.o.<\/span> \/ <span class=\"green\">START AUTOMATION spol. s\u00a0r.o.<\/span><\/strong> vznikla v\u00a0roku 1991 ako START AUTOMATION spol. s\u00a0r.o., ako jedna z prv\u00fdch joint-venture spolo\u010dnost\u00ed vo vtedaj\u0161om \u010ceskoslovensku. Bola zalo\u017een\u00e1 dvomi akcion\u00e1rmi ve\u013ek\u00e9ho v\u00fdznamu \u2013 slovenskou spolo\u010dnos\u0165ou NAFTA a.s. a\u00a0holandskou spolo\u010dnos\u0165ou <a href=\"https:\/\/ict.eu\/nl\/\" target=\"_blank\" rel=\"noopener noreferrer\">ICT Automatiseering BV<\/a>. Spolo\u010dnos\u0165 sa od svojho po\u010diatku \u0161pecializovala na dod\u00e1vky merania a\u00a0regul\u00e1cie a\u00a0riadiacich syst\u00e9mov pre plyn\u00e1renstvo so zameran\u00edm na usklad\u0148ovanie zemn\u00e9ho plynu. Toto zameranie bolo v\u00fdsledkom spolo\u010dn\u00e9ho \u00fasilia akcion\u00e1rov \u2013 spolo\u010dnos\u0165 <a href=\"http:\/\/www.nafta.sk\/\" target=\"_blank\" rel=\"noopener noreferrer\">NAFTA\u00a0 a.s.<\/a> je dodnes v\u00fdznamn\u00fdm hr\u00e1\u010dom na trhu so zemn\u00fdm plynom, spolo\u010dnos\u0165 ICT Automatiseering BV. je v\u00fdznamnou softv\u00e9rovou spolo\u010dnos\u0165ou s\u00a0p\u00f4sobnos\u0165ou v\u00a0Holandsku a\u00a0okolit\u00fdch \u0161t\u00e1toch EU.\u00a0 Spolo\u010dnos\u0165<strong> ART-Ex s.r.o.<\/strong> vznikla v\u00a0roku 2007 ako reakcia na potenci\u00e1lnu stratu trhov\u00e9ho priestoru v\u00a0\u010ceskej republike. \u010cerpala z\u00a0bohat\u00fdch profesn\u00fdch sk\u00fasenost\u00ed svojich zakladate\u013eov s\u00a0rovnak\u00fdm zameran\u00edm na priemyseln\u00fa automatiz\u00e1ciu s\u00a0limitovanou p\u00f4sobnos\u0165ou pre \u010cesk\u00fa republiku.\n<\/p>\n<p style=\"text-align: justify\">\nV\u00a0roku 2009 pre\u0161la spolo\u010dnos\u0165 <strong>START AUTOMATION spol. s\u00a0r.o.<\/strong> zmenou vlastn\u00edckych vz\u0165ahov bez vplyvu na rozsah a\u00a0kvalitu poskytovan\u00fdch slu\u017eieb a\u00a0dostala sa do vz\u0165ahu matka\/dc\u00e9ra so spolo\u010dnos\u0165ou <span class=\"blue\">ART-Ex s.r.o.<\/span> Odvtedy obidve spolo\u010dnosti p\u00f4sobia spolo\u010dne \u00a0na slovenskom i\u00a0\u010deskom trhu a\u00a0poskytuj\u00fa slu\u017eby v\u00a0oblasti plyn\u00e1renstva, petroch\u00e9mie a\u00a0automobilov\u00e9ho priemyslu.<\/p>\n","protected":false},"excerpt":{"rendered":"<p>Spolo\u010dnos\u0165 ART-EX s.r.o. \/ START AUTOMATION spol. s\u00a0r.o. vznikla v\u00a0roku 1991 ako START AUTOMATION spol. s\u00a0r.o., ako jedna z prv\u00fdch joint-venture spolo\u010dnost\u00ed vo vtedaj\u0161om \u010ceskoslovensku. Bola zalo\u017een\u00e1 dvomi akcion\u00e1rmi ve\u013ek\u00e9ho v\u00fdznamu \u2013 slovenskou spolo\u010dnos\u0165ou NAFTA a.s. a\u00a0holandskou spolo\u010dnos\u0165ou ICT Automatiseering BV. Spolo\u010dnos\u0165 sa od svojho po\u010diatku \u0161pecializovala na dod\u00e1vky merania a\u00a0regul\u00e1cie a\u00a0riadiacich syst\u00e9mov pre plyn\u00e1renstvo <a class=\"read-more\" href=\"https:\/\/www.art-ex.sk\/?page_id=55\">Read More<\/a><\/p>\n","protected":false},"author":1,"featured_media":0,"parent":0,"menu_order":0,"comment_status":"closed","ping_status":"closed","template":"","meta":{"footnotes":""},"class_list":["post-55","page","type-page","status-publish","hentry"],"_links":{"self":[{"href":"https:\/\/www.art-ex.sk\/index.php?rest_route=\/wp\/v2\/pages\/55","targetHints":{"allow":["GET"]}}],"collection":[{"href":"https:\/\/www.art-ex.sk\/index.php?rest_route=\/wp\/v2\/pages"}],"about":[{"href":"https:\/\/www.art-ex.sk\/index.php?rest_route=\/wp\/v2\/types\/page"}],"author":[{"embeddable":true,"href":"https:\/\/www.art-ex.sk\/index.php?rest_route=\/wp\/v2\/users\/1"}],"replies":[{"embeddable":true,"href":"https:\/\/www.art-ex.sk\/index.php?rest_route=%2Fwp%2Fv2%2Fcomments&post=55"}],"version-history":[{"count":4,"href":"https:\/\/www.art-ex.sk\/index.php?rest_route=\/wp\/v2\/pages\/55\/revisions"}],"predecessor-version":[{"id":447,"href":"https:\/\/www.art-ex.sk\/index.php?rest_route=\/wp\/v2\/pages\/55\/revisions\/447"}],"wp:attachment":[{"href":"https:\/\/www.art-ex.sk\/index.php?rest_route=%2Fwp%2Fv2%2Fmedia&parent=55"}],"curies":[{"name":"wp","href":"https:\/\/api.w.org\/{rel}","templated":true}]}}