{"id":80,"date":"2017-05-10T16:09:46","date_gmt":"2017-05-10T14:09:46","guid":{"rendered":"http:\/\/www.art-ex.sk\/WordPress\/?page_id=80"},"modified":"2025-11-13T10:47:02","modified_gmt":"2025-11-13T08:47:02","slug":"ludia-2","status":"publish","type":"page","link":"https:\/\/www.art-ex.sk\/?page_id=80","title":{"rendered":"\u013dudia"},"content":{"rendered":"<hr \/>\n<table style=\"height: 164px; margin-left: 60px;\" border=\"2\" width=\"1379\">\n<tbody style=\"padding-left: 30px;\">\n<tr style=\"padding-left: 40px;\">\n<th style=\"padding-left: 40px;\" scope=\"col\"><\/th>\n<th style=\"padding-left: 40px;\" scope=\"col\"><\/th>\n<th style=\"padding-left: 40px;\" scope=\"col\"><\/th>\n<\/tr>\n<tr style=\"padding-left: 40px;\">\n<td style=\"padding-left: 40px;\"><strong>Riadite\u013e<\/strong><\/td>\n<td style=\"padding-left: 40px;\"><strong>V\u00fdrobn\u00fd riadite\u013e<\/strong><\/td>\n<td style=\"padding-left: 40px;\"><strong>Ved\u00faci projekcie<\/strong><\/td>\n<\/tr>\n<tr style=\"padding-left: 40px;\">\n<td style=\"padding-left: 40px;\"><strong>Ing. Rudolf Reh\u00e1k<\/strong><\/td>\n<td style=\"padding-left: 40px;\"><strong>Ing. Juraj B\u00edzik<\/strong><\/td>\n<td style=\"padding-left: 40px;\"><strong>Ing. Vladim\u00edr Belansk\u00fd<\/strong><\/td>\n<\/tr>\n<tr style=\"padding-left: 40px;\">\n<td style=\"padding-left: 40px;\">+421 905 447 567<\/td>\n<td style=\"padding-left: 40px;\">+421 905 500 718<\/td>\n<td style=\"padding-left: 40px;\">+421 905 528 704<\/td>\n<\/tr>\n<\/tbody>\n<\/table>\n<hr style=\"padding-left: 30px;\" \/>\n<table style=\"height: 98px; margin-left: 40px;\" border=\"2\" width=\"1379\">\n<tbody style=\"padding-left: 30px;\">\n<tr style=\"padding-left: 30px;\">\n<th style=\"padding-left: 30px;\" scope=\"col\"><\/th>\n<th style=\"padding-left: 30px;\" scope=\"col\"><\/th>\n<th style=\"padding-left: 80px;\" scope=\"col\"><\/th>\n<th style=\"padding-left: 80px;\" scope=\"col\"><\/th>\n<\/tr>\n<tr style=\"padding-left: 30px;\">\n<td style=\"padding-left: 30px;\"><strong>Sekretari\u00e1t<\/strong><\/td>\n<td style=\"padding-left: 30px;\"><strong>Junior \u00fa\u010dtovn\u00edk<\/strong><\/td>\n<td style=\"padding-left: 80px;\"><strong>Ekon\u00f3mka<\/strong><\/td>\n<td style=\"padding-left: 80px;\"><strong>Projektant<\/strong><\/td>\n<\/tr>\n<tr style=\"padding-left: 30px;\">\n<td style=\"padding-left: 30px;\"><strong>Petra Sajkov\u00e1<\/strong><\/td>\n<td style=\"padding-left: 30px;\"><strong>Lucia \u0160teffekov\u00e1 DiS.<\/strong><\/td>\n<td style=\"padding-left: 80px;\"><strong>Ing. Zuzana \u010cern\u00e1<\/strong><\/td>\n<td style=\"padding-left: 80px;\"><strong>Ing. Andrea Pullmannov\u00e1<\/strong><\/td>\n<\/tr>\n<tr style=\"padding-left: 30px;\">\n<td style=\"padding-left: 30px;\">+421 918 802 624<\/td>\n<td style=\"padding-left: 30px;\">+421 918 816 765<\/td>\n<td style=\"padding-left: 80px;\">+421 918 491 271<\/td>\n<td style=\"padding-left: 80px;\">+421 907 107 088<\/td>\n<\/tr>\n<\/tbody>\n<\/table>\n<hr \/>\n<table style=\"height: 98px; margin-left: 40px;\" border=\"2\" width=\"1379\">\n<tbody style=\"padding-left: 30px;\">\n<tr style=\"padding-left: 30px;\">\n<th style=\"padding-left: 30px;\" scope=\"col\"><\/th>\n<th style=\"padding-left: 30px;\" scope=\"col\"><\/th>\n<th style=\"padding-left: 80px;\" scope=\"col\"><\/th>\n<th style=\"padding-left: 80px;\" scope=\"col\"><\/th>\n<\/tr>\n<tr style=\"padding-left: 30px;\">\n<td style=\"padding-left: 30px;\"><strong>Projektant<\/strong><\/td>\n<td style=\"padding-left: 30px;\"><strong>Projektant<\/strong><\/td>\n<td style=\"padding-left: 80px;\"><strong>Projektant<\/strong><\/td>\n<td style=\"padding-left: 80px;\"><strong>Projektant<\/strong><\/td>\n<\/tr>\n<tr style=\"padding-left: 30px;\">\n<td style=\"padding-left: 30px;\"><strong>Christian Br\u00e1zdil<\/strong><\/td>\n<td style=\"padding-left: 30px;\"><strong>Emil Hor\u0148\u00e1\u010dek<\/strong><\/td>\n<td style=\"padding-left: 80px;\"><strong>Ing. Luk\u00e1\u0161 Koporec<\/strong><\/td>\n<td style=\"padding-left: 80px;\"><strong>Zuzana Pik\u00e1lkov\u00e1<\/strong><\/td>\n<\/tr>\n<tr style=\"padding-left: 30px;\">\n<td style=\"padding-left: 30px;\">+421 918 892 028<\/td>\n<td style=\"padding-left: 30px;\">+421 905 846 254<\/td>\n<td style=\"padding-left: 80px;\">+421 918 461 530<\/td>\n<td style=\"padding-left: 80px;\">+421 905 283 817<\/td>\n<\/tr>\n<\/tbody>\n<\/table>\n<hr \/>\n<table style=\"height: 98px; margin-left: 40px;\" border=\"2\" width=\"1379\">\n<tbody style=\"padding-left: 30px;\">\n<tr style=\"padding-left: 30px;\">\n<th style=\"padding-left: 30px;\" scope=\"col\"><\/th>\n<th style=\"padding-left: 30px;\" scope=\"col\"><\/th>\n<th style=\"padding-left: 80px;\" scope=\"col\"><\/th>\n<th style=\"padding-left: 80px;\" scope=\"col\"><\/th>\n<\/tr>\n<tr style=\"padding-left: 30px;\">\n<td style=\"padding-left: 30px;\"><b>Ved\u00faci SW oddelenia<\/b><\/td>\n<td style=\"padding-left: 30px;\"><b>Program\u00e1tor SCADA<\/b><\/td>\n<td style=\"padding-left: 80px;\"><b>Program\u00e1tor PLC<\/b><\/td>\n<td style=\"padding-left: 80px;\"><b>Program\u00e1tor PLC<\/b><\/td>\n<\/tr>\n<tr style=\"padding-left: 30px;\">\n<td style=\"padding-left: 30px;\"><strong>Ing. Marek Bajcar<\/strong><\/td>\n<td style=\"padding-left: 30px;\"><strong>Ing. Michal Osusk\u00fd<\/strong><\/td>\n<td style=\"padding-left: 80px;\"><strong>Ing. Mari\u00e1n Struh\u00e1r<\/strong><\/td>\n<td style=\"padding-left: 80px;\"><strong>Ing. Jaroslav Kuku\u010da<\/strong><\/td>\n<\/tr>\n<\/tbody>\n<\/table>\n<hr \/>\n<table style=\"height: 98px; margin-left: 40px;\" border=\"2\" width=\"1379\">\n<tbody style=\"padding-left: 30px;\">\n<tr style=\"padding-left: 30px;\">\n<th style=\"padding-left: 30px;\" scope=\"col\"><\/th>\n<th style=\"padding-left: 80px;\" scope=\"col\"><\/th>\n<th style=\"padding-left: 40px;\" scope=\"col\"><\/th>\n<th style=\"padding-left: 120px;\" scope=\"col\"><\/th>\n<\/tr>\n<tr style=\"padding-left: 30px;\">\n<td style=\"padding-left: 30px;\"><strong>Mont\u00e9r<\/strong><\/td>\n<td style=\"padding-left: 80px;\"><strong>Rev\u00edzny technik<\/strong><\/td>\n<td style=\"padding-left: 40px;\"><strong>Mont\u00e9r<\/strong><\/td>\n<td style=\"padding-left: 120px;\"><strong>Mont\u00e9r<\/strong><\/td>\n<\/tr>\n<tr style=\"padding-left: 30px;\">\n<td style=\"padding-left: 30px;\"><strong>\u0160tefan Neme\u010dkay<\/strong><\/td>\n<td style=\"padding-left: 80px;\"><strong>Ing. Jozef Hazlinger<\/strong><\/td>\n<td style=\"padding-left: 40px;\"><strong>Juraj \u010cutka<\/strong><\/td>\n<td style=\"padding-left: 120px;\"><strong>Serhii Aleksandrov<\/strong><\/td>\n<\/tr>\n<tr style=\"padding-left: 30px;\">\n<td style=\"padding-left: 30px;\">+421 905 329 072<\/td>\n<td style=\"padding-left: 80px;\">+421 905 452 782<\/td>\n<td style=\"padding-left: 40px;\">+421 918 881 229<\/td>\n<td style=\"padding-left: 120px;\">+421 908 857 635<\/td>\n<\/tr>\n<\/tbody>\n<\/table>\n","protected":false},"excerpt":{"rendered":"<p>Riadite\u013e V\u00fdrobn\u00fd riadite\u013e Ved\u00faci projekcie Ing. Rudolf Reh\u00e1k Ing. Juraj B\u00edzik Ing. Vladim\u00edr Belansk\u00fd +421 905 447 567 +421 905 500 718 +421 905 528 704 Sekretari\u00e1t Junior \u00fa\u010dtovn\u00edk Ekon\u00f3mka Projektant Petra Sajkov\u00e1 Lucia \u0160teffekov\u00e1 DiS. Ing. Zuzana \u010cern\u00e1 Ing. Andrea Pullmannov\u00e1 +421 918 802 624 +421 918 816 765 +421 918 491 271 +421 <a class=\"read-more\" href=\"https:\/\/www.art-ex.sk\/?page_id=80\">Read More<\/a><\/p>\n","protected":false},"author":1,"featured_media":0,"parent":0,"menu_order":0,"comment_status":"closed","ping_status":"closed","template":"","meta":{"footnotes":""},"class_list":["post-80","page","type-page","status-publish","hentry"],"_links":{"self":[{"href":"https:\/\/www.art-ex.sk\/index.php?rest_route=\/wp\/v2\/pages\/80","targetHints":{"allow":["GET"]}}],"collection":[{"href":"https:\/\/www.art-ex.sk\/index.php?rest_route=\/wp\/v2\/pages"}],"about":[{"href":"https:\/\/www.art-ex.sk\/index.php?rest_route=\/wp\/v2\/types\/page"}],"author":[{"embeddable":true,"href":"https:\/\/www.art-ex.sk\/index.php?rest_route=\/wp\/v2\/users\/1"}],"replies":[{"embeddable":true,"href":"https:\/\/www.art-ex.sk\/index.php?rest_route=%2Fwp%2Fv2%2Fcomments&post=80"}],"version-history":[{"count":278,"href":"https:\/\/www.art-ex.sk\/index.php?rest_route=\/wp\/v2\/pages\/80\/revisions"}],"predecessor-version":[{"id":1089,"href":"https:\/\/www.art-ex.sk\/index.php?rest_route=\/wp\/v2\/pages\/80\/revisions\/1089"}],"wp:attachment":[{"href":"https:\/\/www.art-ex.sk\/index.php?rest_route=%2Fwp%2Fv2%2Fmedia&parent=80"}],"curies":[{"name":"wp","href":"https:\/\/api.w.org\/{rel}","templated":true}]}}